

{"id":48,"date":"2022-01-02T13:13:12","date_gmt":"2022-01-02T12:13:12","guid":{"rendered":"https:\/\/www.allmovements.ch\/?page_id=48"},"modified":"2025-08-06T12:07:55","modified_gmt":"2025-08-06T10:07:55","slug":"ort-2","status":"publish","type":"page","link":"https:\/\/www.allmovements.ch\/index.php\/ort-2\/","title":{"rendered":"Modern f\u00fcr Jugendliche"},"content":{"rendered":"\n<figure class=\"wp-block-image size-large\"><img loading=\"lazy\" decoding=\"async\" width=\"1024\" height=\"768\" src=\"https:\/\/www.allmovements.ch\/wp-content\/uploads\/2022\/09\/P1011825-1024x768.jpg\" alt=\"\" class=\"wp-image-1420\" srcset=\"https:\/\/www.allmovements.ch\/wp-content\/uploads\/2022\/09\/P1011825-1024x768.jpg 1024w, https:\/\/www.allmovements.ch\/wp-content\/uploads\/2022\/09\/P1011825-300x225.jpg 300w, https:\/\/www.allmovements.ch\/wp-content\/uploads\/2022\/09\/P1011825-768x576.jpg 768w, https:\/\/www.allmovements.ch\/wp-content\/uploads\/2022\/09\/P1011825-1536x1152.jpg 1536w, https:\/\/www.allmovements.ch\/wp-content\/uploads\/2022\/09\/P1011825-2048x1536.jpg 2048w\" sizes=\"auto, (max-width: 1024px) 100vw, 1024px\" \/><\/figure>\n\n\n\n<p>Modern Dance ist eine organische Bewegungssprache, die \u00fcber Dynamik, Schwerkraft und unterschiedlichste Bewegungsans\u00e4tze eine ganzheitliche, k\u00f6rpergerechte Tanztechnik vermittelt.<\/p>\n\n\n\n<p>Der K\u00f6rper wird gedehnt, gest\u00e4rkt und sensibilisiert. Die Musik unterst\u00fctzt die Bewegungen und hilft neue K\u00f6rper- und Bewegungspotentiale kennen zu lernen.<\/p>\n\n\n\n<div style=\"height:7px\" aria-hidden=\"true\" class=\"wp-block-spacer\"><\/div>\n\n\n\n<p><strong>Kursinhalt<\/strong><\/p>\n\n\n\n<p>Mein Training basiert auf der Modern Dance Technik von Jos\u00e9 Lim\u00f3n, Martha Graham und der Release Technik.<\/p>\n\n\n\n<p>Wir beginnen mit einem Warming-up um den K\u00f6rper in Balance zu bringen. Darauf folgt ein Techniktraining und ein Stretching. Kurze, dynamische Schrittkombinationen durch den Raum werden anschliessend zu einem Tanz zusammengef\u00fcgt.<\/p>\n\n\n\n<div class=\"wp-block-jetpack-slideshow aligncenter\" data-autoplay=\"true\" data-delay=\"3\" data-effect=\"slide\"><div class=\"wp-block-jetpack-slideshow_container swiper\"><ul class=\"wp-block-jetpack-slideshow_swiper-wrapper swiper-wrapper\"><li class=\"wp-block-jetpack-slideshow_slide swiper-slide\"><figure><img loading=\"lazy\" decoding=\"async\" width=\"1024\" height=\"798\" alt=\"\" class=\"wp-block-jetpack-slideshow_image wp-image-607\" data-id=\"607\" src=\"https:\/\/www.allmovements.ch\/wp-content\/uploads\/2022\/05\/P5153602-4-1024x798.jpg\" srcset=\"https:\/\/www.allmovements.ch\/wp-content\/uploads\/2022\/05\/P5153602-4-1024x798.jpg 1024w, https:\/\/www.allmovements.ch\/wp-content\/uploads\/2022\/05\/P5153602-4-300x234.jpg 300w, https:\/\/www.allmovements.ch\/wp-content\/uploads\/2022\/05\/P5153602-4-768x598.jpg 768w, https:\/\/www.allmovements.ch\/wp-content\/uploads\/2022\/05\/P5153602-4-1536x1196.jpg 1536w, https:\/\/www.allmovements.ch\/wp-content\/uploads\/2022\/05\/P5153602-4-2048x1595.jpg 2048w\" sizes=\"(max-width: 1024px) 100vw, 1024px\" \/><\/figure><\/li><li class=\"wp-block-jetpack-slideshow_slide swiper-slide\"><figure><img loading=\"lazy\" decoding=\"async\" width=\"1024\" height=\"768\" alt=\"\" class=\"wp-block-jetpack-slideshow_image wp-image-247\" data-id=\"247\" src=\"https:\/\/www.allmovements.ch\/wp-content\/uploads\/2022\/01\/Jazz_fuer_Jugendliche03-1024x768.jpg\" srcset=\"https:\/\/www.allmovements.ch\/wp-content\/uploads\/2022\/01\/Jazz_fuer_Jugendliche03-1024x768.jpg 1024w, https:\/\/www.allmovements.ch\/wp-content\/uploads\/2022\/01\/Jazz_fuer_Jugendliche03-300x225.jpg 300w, https:\/\/www.allmovements.ch\/wp-content\/uploads\/2022\/01\/Jazz_fuer_Jugendliche03-768x576.jpg 768w, https:\/\/www.allmovements.ch\/wp-content\/uploads\/2022\/01\/Jazz_fuer_Jugendliche03-1536x1152.jpg 1536w, https:\/\/www.allmovements.ch\/wp-content\/uploads\/2022\/01\/Jazz_fuer_Jugendliche03-2048x1536.jpg 2048w\" sizes=\"(max-width: 1024px) 100vw, 1024px\" \/><\/figure><\/li><li class=\"wp-block-jetpack-slideshow_slide swiper-slide\"><figure><img loading=\"lazy\" decoding=\"async\" width=\"1024\" height=\"871\" alt=\"\" class=\"wp-block-jetpack-slideshow_image wp-image-223\" data-id=\"223\" src=\"https:\/\/www.allmovements.ch\/wp-content\/uploads\/2022\/01\/Jazz_fuer_Jugendliche02-1-1024x871.jpg\" srcset=\"https:\/\/www.allmovements.ch\/wp-content\/uploads\/2022\/01\/Jazz_fuer_Jugendliche02-1-1024x871.jpg 1024w, https:\/\/www.allmovements.ch\/wp-content\/uploads\/2022\/01\/Jazz_fuer_Jugendliche02-1-300x255.jpg 300w, https:\/\/www.allmovements.ch\/wp-content\/uploads\/2022\/01\/Jazz_fuer_Jugendliche02-1-768x653.jpg 768w, https:\/\/www.allmovements.ch\/wp-content\/uploads\/2022\/01\/Jazz_fuer_Jugendliche02-1-1536x1306.jpg 1536w, https:\/\/www.allmovements.ch\/wp-content\/uploads\/2022\/01\/Jazz_fuer_Jugendliche02-1-2048x1742.jpg 2048w\" sizes=\"(max-width: 1024px) 100vw, 1024px\" \/><\/figure><\/li><li class=\"wp-block-jetpack-slideshow_slide swiper-slide\"><figure><img loading=\"lazy\" decoding=\"async\" width=\"1024\" height=\"621\" alt=\"\" class=\"wp-block-jetpack-slideshow_image wp-image-2686\" data-id=\"2686\" src=\"https:\/\/www.allmovements.ch\/wp-content\/uploads\/2025\/01\/Bildschirmfoto-2024-04-25-um-20.33.23-1-1024x621.png\" srcset=\"https:\/\/www.allmovements.ch\/wp-content\/uploads\/2025\/01\/Bildschirmfoto-2024-04-25-um-20.33.23-1-1024x621.png 1024w, https:\/\/www.allmovements.ch\/wp-content\/uploads\/2025\/01\/Bildschirmfoto-2024-04-25-um-20.33.23-1-300x182.png 300w, https:\/\/www.allmovements.ch\/wp-content\/uploads\/2025\/01\/Bildschirmfoto-2024-04-25-um-20.33.23-1-768x466.png 768w, https:\/\/www.allmovements.ch\/wp-content\/uploads\/2025\/01\/Bildschirmfoto-2024-04-25-um-20.33.23-1-1536x931.png 1536w, https:\/\/www.allmovements.ch\/wp-content\/uploads\/2025\/01\/Bildschirmfoto-2024-04-25-um-20.33.23-1-2048x1241.png 2048w\" sizes=\"(max-width: 1024px) 100vw, 1024px\" \/><\/figure><\/li><li class=\"wp-block-jetpack-slideshow_slide swiper-slide\"><figure><img loading=\"lazy\" decoding=\"async\" width=\"1024\" height=\"683\" alt=\"\" class=\"wp-block-jetpack-slideshow_image wp-image-2687\" data-id=\"2687\" src=\"https:\/\/www.allmovements.ch\/wp-content\/uploads\/2025\/01\/\u00a9BrigitteFaessler-8014-verkleinert-1024x683.jpeg\" srcset=\"https:\/\/www.allmovements.ch\/wp-content\/uploads\/2025\/01\/\u00a9BrigitteFaessler-8014-verkleinert-1024x683.jpeg 1024w, https:\/\/www.allmovements.ch\/wp-content\/uploads\/2025\/01\/\u00a9BrigitteFaessler-8014-verkleinert-300x200.jpeg 300w, https:\/\/www.allmovements.ch\/wp-content\/uploads\/2025\/01\/\u00a9BrigitteFaessler-8014-verkleinert-768x512.jpeg 768w, https:\/\/www.allmovements.ch\/wp-content\/uploads\/2025\/01\/\u00a9BrigitteFaessler-8014-verkleinert-1536x1024.jpeg 1536w, https:\/\/www.allmovements.ch\/wp-content\/uploads\/2025\/01\/\u00a9BrigitteFaessler-8014-verkleinert.jpeg 1920w\" sizes=\"(max-width: 1024px) 100vw, 1024px\" \/><figcaption class=\"wp-block-jetpack-slideshow_caption gallery-caption\">Foto: \u00a9BrigitteFa\u0308ssler<\/figcaption><\/figure><\/li><\/ul><a class=\"wp-block-jetpack-slideshow_button-prev swiper-button-prev swiper-button-white\" role=\"button\"><\/a><a class=\"wp-block-jetpack-slideshow_button-next swiper-button-next swiper-button-white\" role=\"button\"><\/a><a aria-label=\"Pause Slideshow\" class=\"wp-block-jetpack-slideshow_button-pause\" role=\"button\"><\/a><div class=\"wp-block-jetpack-slideshow_pagination swiper-pagination swiper-pagination-white\"><\/div><\/div><\/div>\n\n\n\n<hr class=\"wp-block-separator has-css-opacity\"\/>\n\n\n\n<p><strong>Kursort<\/strong><\/p>\n\n\n\n<p>Alte Rumfabrik<\/p>\n\n\n\n<p>G\u00fcterstrasse 145 (im Hinterhof), 4053 Basel<\/p>\n\n\n\n<div style=\"height:7px\" aria-hidden=\"true\" class=\"wp-block-spacer\"><\/div>\n\n\n\n<p><strong>Zeit<\/strong><\/p>\n\n\n\n<p>Zur Zeit findet kein Unterricht statt!<\/p>\n\n\n\n<div style=\"height:7px\" aria-hidden=\"true\" class=\"wp-block-spacer\"><\/div>\n\n\n\n<p><strong>Kosten<\/strong><\/p>\n\n\n\n<p>240.- pro Quartal <\/p>\n\n\n\n<p>Schnupperstunde 10.-<\/p>\n\n\n\n<hr class=\"wp-block-separator has-css-opacity\"\/>\n\n\n\n<p><strong>Anmeldung f\u00fcr eine Schnupperstunde:<\/strong><\/p>\n\n\n<div class=\"wp-block-jetpack-contact-form is-layout-flex wp-container-jetpack-contact-form-is-layout-faa3ad1c wp-block-jetpack-contact-form-is-layout-flex\"><a href=\"https:\/\/www.allmovements.ch\/index.php\/ort-2\/\" target=\"_blank\" rel=\"noopener noreferrer\">Submit a form.<\/a><\/div>\n\n\n<hr class=\"wp-block-separator has-css-opacity\"\/>\n\n\n\n<p><strong>Lageplan<\/strong>:<\/p>\n\n\n<link rel='stylesheet' id='osm-ol3-css-css' href='https:\/\/www.allmovements.ch\/wp-content\/plugins\/osm\/js\/OL\/10.9.0\/ol.css?ver=6.9.4' media='all' \/>\n<link rel='stylesheet' id='osm-ol3-ext-css-css' href='https:\/\/www.allmovements.ch\/wp-content\/plugins\/osm\/css\/osm_map_v3.css?ver=6.9.4' media='all' \/>\n<link rel='stylesheet' id='osm-map-css-css' href='https:\/\/www.allmovements.ch\/wp-content\/plugins\/osm\/css\/osm_map.css?ver=6.9.4' media='all' \/>\n<script src=\"https:\/\/www.allmovements.ch\/wp-includes\/js\/dist\/vendor\/wp-polyfill.min.js?ver=3.15.0\" id=\"wp-polyfill-js\"><\/script>\n<script src=\"https:\/\/www.allmovements.ch\/wp-content\/plugins\/osm\/js\/OL\/10.9.0\/ol.js?ver=10.9.0\" id=\"osm-ol3-library-js\"><\/script>\n<script src=\"https:\/\/www.allmovements.ch\/wp-content\/plugins\/osm\/js\/osm-v3-plugin-lib.js?ver=1.0.0\" id=\"osm-ol3-ext-library-js\"><\/script>\n<script src=\"https:\/\/www.allmovements.ch\/wp-content\/plugins\/osm\/js\/osm-metabox-events.js?ver=1.0.0\" id=\"osm-ol3-metabox-events-js\"><\/script>\n<script id=\"nb-jquery\" src=\"https:\/\/www.allmovements.ch\/wp-includes\/js\/jquery\/jquery.min.js?ver=3.7.1\" id=\"jquery-core-js\"><\/script>\n<script src=\"https:\/\/www.allmovements.ch\/wp-includes\/js\/jquery\/jquery-migrate.min.js?ver=3.4.1\" id=\"jquery-migrate-js\"><\/script>\n<script id=\"osm-map-startup-js-extra\">\nvar translations = {\"openlayer\":\"open layer\",\"openlayerAtStartup\":\"open layer at startup\",\"generateLink\":\"link to this map with opened layers\",\"shortDescription\":\"short description\",\"generatedShortCode\":\"to get a text control link paste this code in your wordpress editor\",\"closeLayer\":\"close layer\",\"cantGenerateLink\":\"put this string in the existing map short code to control this map\"};\n\/\/# sourceURL=osm-map-startup-js-extra\n<\/script>\n<script src=\"https:\/\/www.allmovements.ch\/wp-content\/plugins\/osm\/js\/osm-startup-lib.js?ver=V6.2.5\" id=\"osm-map-startup-js\"><\/script>\n\n        <div id=\"map_ol3js_1\"\n       class=\"osm-map-container undefined\"\n             data-map_name=\"undefined\"\n             data-map=\"map_ol3js_1\"\n             data-autoshow=\"no\"\n             style=\"width:95%;\n                    max-width:100%;\n                    height:450px;\n                    display:block;\n                    overflow:hidden;\n                    border:2px solid grey;\n                    position: relative;\">\n          <div id=\"map_ol3js_1_popup\" class=\"ol-popup\">\n            <a href=\"#\" id=\"map_ol3js_1_popup-closer\" class=\"ol-popup-closer\"><\/a>\n            <div id=\"map_ol3js_1_popup-content\"><\/div>\n          <\/div>\n        <\/div>\n    <script type=\"text\/javascript\">\n\t\t\t  vectorM['map_ol3js_1'] = [];\n\t        \n        var raster = getTileLayer(\"osm\",\"NoKey\");\t\t\t\n\n\t\t\t  var map_ol3js_1 = new ol.Map({\n\t\t\t\tinteractions: ol.interaction.defaults.defaults({mouseWheelZoom:false}),\n\t\t\t\tlayers: [raster],\n\t\t\t\ttarget: \"map_ol3js_1\",\n\t\t\t\tview: new ol.View({\n\t\t\t\t  center: ol.proj.transform([7.5901,47.5460], \"EPSG:4326\", \"EPSG:3857\"),\n\t\t\t\t  zoom: 16.9\n\t\t\t\t})\n\t\t\t  });\n\t\t\t  osm_addMarkerLayer(map_ol3js_1,7.5902,47.5451,\"https:\/\/www.allmovements.ch\/wp-content\/plugins\/osm\/icons\/mic_gold_stolperstein-L.png\",-16,-41,\"<p><\/p>\") ; \naddControls2Map(map_ol3js_1,0,0,3,0,5,6,7,0,1);\nosm_addPopupClickhandler(map_ol3js_1,  \"map_ol3js_1\"); \nosm_addMouseHover(map_ol3js_1); <\/script>\n","protected":false},"excerpt":{"rendered":"<p>Modern Dance ist eine organische Bewegungssprache, die \u00fcber Dynamik, Schwerkraft und unterschiedlichste Bewegungsans\u00e4tze eine ganzheitliche, k\u00f6rpergerechte Tanztechnik vermittelt. Der K\u00f6rper wird gedehnt, gest\u00e4rkt und sensibilisiert. Die Musik unterst\u00fctzt die Bewegungen und hilft neue K\u00f6rper- und Bewegungspotentiale kennen zu lernen. Kursinhalt Mein Training basiert auf der Modern Dance Technik von Jos\u00e9 Lim\u00f3n, Martha Graham und der [&hellip;]<\/p>\n","protected":false},"author":2,"featured_media":0,"parent":0,"menu_order":0,"comment_status":"closed","ping_status":"closed","template":"","meta":{"footnotes":""},"class_list":["post-48","page","type-page","status-publish","czr-hentry"],"jetpack_sharing_enabled":true,"_links":{"self":[{"href":"https:\/\/www.allmovements.ch\/index.php\/wp-json\/wp\/v2\/pages\/48","targetHints":{"allow":["GET"]}}],"collection":[{"href":"https:\/\/www.allmovements.ch\/index.php\/wp-json\/wp\/v2\/pages"}],"about":[{"href":"https:\/\/www.allmovements.ch\/index.php\/wp-json\/wp\/v2\/types\/page"}],"author":[{"embeddable":true,"href":"https:\/\/www.allmovements.ch\/index.php\/wp-json\/wp\/v2\/users\/2"}],"replies":[{"embeddable":true,"href":"https:\/\/www.allmovements.ch\/index.php\/wp-json\/wp\/v2\/comments?post=48"}],"version-history":[{"count":25,"href":"https:\/\/www.allmovements.ch\/index.php\/wp-json\/wp\/v2\/pages\/48\/revisions"}],"predecessor-version":[{"id":3146,"href":"https:\/\/www.allmovements.ch\/index.php\/wp-json\/wp\/v2\/pages\/48\/revisions\/3146"}],"wp:attachment":[{"href":"https:\/\/www.allmovements.ch\/index.php\/wp-json\/wp\/v2\/media?parent=48"}],"curies":[{"name":"wp","href":"https:\/\/api.w.org\/{rel}","templated":true}]}}