{"id":38,"date":"2022-01-02T13:02:52","date_gmt":"2022-01-02T12:02:52","guid":{"rendered":"https:\/\/www.allmovements.ch\/?page_id=38"},"modified":"2022-01-23T12:02:10","modified_gmt":"2022-01-23T11:02:10","slug":"yoga","status":"publish","type":"page","link":"https:\/\/www.allmovements.ch\/index.php\/yoga\/","title":{"rendered":"Yoga"},"content":{"rendered":"\n<figure class=\"wp-block-image size-large is-resized is-style-default\"><img loading=\"lazy\" decoding=\"async\" src=\"https:\/\/www.allmovements.ch\/wp-content\/uploads\/2022\/01\/Bildschirmfoto-2022-01-22-um-23.25.30-1024x447.png\" alt=\"\" class=\"wp-image-314\" width=\"608\" height=\"264\" srcset=\"https:\/\/www.allmovements.ch\/wp-content\/uploads\/2022\/01\/Bildschirmfoto-2022-01-22-um-23.25.30-1024x447.png 1024w, https:\/\/www.allmovements.ch\/wp-content\/uploads\/2022\/01\/Bildschirmfoto-2022-01-22-um-23.25.30-300x131.png 300w, https:\/\/www.allmovements.ch\/wp-content\/uploads\/2022\/01\/Bildschirmfoto-2022-01-22-um-23.25.30-768x335.png 768w, https:\/\/www.allmovements.ch\/wp-content\/uploads\/2022\/01\/Bildschirmfoto-2022-01-22-um-23.25.30.png 1860w\" sizes=\"auto, (max-width: 608px) 100vw, 608px\" \/><\/figure>\n\n\n\n<p>Power Yoga entstand aus den Bewegungen und Posen des Ashtanga (Vinyasa) Yoga. Es ist sowohl ein Atem-, Kraft- wie auch Beweglichkeitstraining, welches mit Variationen dem K\u00f6nnen und dem K\u00f6rper angepasst wird. Durch Fokussierung der Gedanken wird die Konzentration gef\u00f6rdert.<\/p>\n\n\n\n<p>Der ganze Organismus kommt ins Fliessen. Im K\u00f6rper entsteht wieder Raum (durch gel\u00f6ste Spannung) welcher mit Lebenskraft gef\u00fcllt wird. Durch diese stete Ausdehnung vergr\u00f6ssert sich das Bewusstsein. Die positiven Auswirkungen sind weit bekannt: Ganzheitliche St\u00e4rkung und Stabilisierung, ausgleichende und stressabbauende Wirkung.<\/p>\n\n\n\n<hr class=\"wp-block-separator\"\/>\n\n\n\n<p><strong>Unterricht zur Zeit nur auf Anfrage<\/strong><\/p>\n\n\n\n<div style=\"height:7px\" aria-hidden=\"true\" class=\"wp-block-spacer\"><\/div>\n\n\n<div class=\"wp-block-jetpack-contact-form is-layout-flex wp-container-jetpack-contact-form-is-layout-faa3ad1c wp-block-jetpack-contact-form-is-layout-flex\"><a href=\"https:\/\/www.allmovements.ch\/index.php\/yoga\/\" target=\"_blank\" rel=\"noopener noreferrer\">Submit a form.<\/a><\/div>","protected":false},"excerpt":{"rendered":"<p>Power Yoga entstand aus den Bewegungen und Posen des Ashtanga (Vinyasa) Yoga. Es ist sowohl ein Atem-, Kraft- wie auch Beweglichkeitstraining, welches mit Variationen dem K\u00f6nnen und dem K\u00f6rper angepasst wird. Durch Fokussierung der Gedanken wird die Konzentration gef\u00f6rdert. Der ganze Organismus kommt ins Fliessen. Im K\u00f6rper entsteht wieder Raum (durch gel\u00f6ste Spannung) welcher mit [&hellip;]<\/p>\n","protected":false},"author":2,"featured_media":0,"parent":0,"menu_order":0,"comment_status":"closed","ping_status":"closed","template":"","meta":{"footnotes":""},"class_list":["post-38","page","type-page","status-publish","czr-hentry"],"jetpack_sharing_enabled":true,"_links":{"self":[{"href":"https:\/\/www.allmovements.ch\/index.php\/wp-json\/wp\/v2\/pages\/38","targetHints":{"allow":["GET"]}}],"collection":[{"href":"https:\/\/www.allmovements.ch\/index.php\/wp-json\/wp\/v2\/pages"}],"about":[{"href":"https:\/\/www.allmovements.ch\/index.php\/wp-json\/wp\/v2\/types\/page"}],"author":[{"embeddable":true,"href":"https:\/\/www.allmovements.ch\/index.php\/wp-json\/wp\/v2\/users\/2"}],"replies":[{"embeddable":true,"href":"https:\/\/www.allmovements.ch\/index.php\/wp-json\/wp\/v2\/comments?post=38"}],"version-history":[{"count":5,"href":"https:\/\/www.allmovements.ch\/index.php\/wp-json\/wp\/v2\/pages\/38\/revisions"}],"predecessor-version":[{"id":362,"href":"https:\/\/www.allmovements.ch\/index.php\/wp-json\/wp\/v2\/pages\/38\/revisions\/362"}],"wp:attachment":[{"href":"https:\/\/www.allmovements.ch\/index.php\/wp-json\/wp\/v2\/media?parent=38"}],"curies":[{"name":"wp","href":"https:\/\/api.w.org\/{rel}","templated":true}]}}