{"id":287,"date":"2022-01-22T17:21:58","date_gmt":"2022-01-22T16:21:58","guid":{"rendered":"https:\/\/www.allmovements.ch\/?page_id=287"},"modified":"2022-01-23T01:45:10","modified_gmt":"2022-01-23T00:45:10","slug":"agbs","status":"publish","type":"page","link":"https:\/\/www.allmovements.ch\/index.php\/agbs\/","title":{"rendered":"AGB&#8217;s"},"content":{"rendered":"\n<h1 class=\"wp-block-heading\">Vertragsbedingungen f\u00fcr Unterricht bei allMovements.ch<\/h1>\n\n\n\n<ol class=\"wp-block-list\" type=\"1\"><li>Quartalsbeitr\u00e4ge bitte vor Beginn, bzw. anschliessend an die Anmeldung bezahlen. Bei nicht spesenfreier \u00dcberweisung werden die Kosten dem Verursacher in Rechnung gestellt.<\/li><li>Bei Unfall oder Krankheit, l\u00e4nger als 3 Wochen, wird das Kursgeld nur bei Vorlage eines Arztzeugnisses teilweise r\u00fcckerstattet.<\/li><li>Falls eine Lektion ausf\u00e4llt, wird diese kompensiert, zur\u00fcckerstattet oder ans folgende Quartal angerechnet.<\/li><li>An \u00f6ffentlichen Feiertagen die in Kurswochen fallen und w\u00e4hrend den Schulferien von BS, findet kein Unterricht statt.<\/li><li>Ohne schriftliche K\u00fcndigung gelten Teilnehmer*innen f\u00fcr das folgende Quartal als angemeldet.<\/li><li>Bei Unfall oder Diebstahl im Studio wird nicht gehaftet.<\/li><\/ol>\n\n\n\n<p><em>&nbsp;&nbsp;&nbsp; <\/em><u>K\u00fcndigungstermin ist 6 Wochen vor Quartalsbeginn<\/u><\/p>\n\n\n\n<p><\/p>\n\n\n\n<p><\/p>\n","protected":false},"excerpt":{"rendered":"<p>Vertragsbedingungen f\u00fcr Unterricht bei allMovements.ch Quartalsbeitr\u00e4ge bitte vor Beginn, bzw. anschliessend an die Anmeldung bezahlen. Bei nicht spesenfreier \u00dcberweisung werden die Kosten dem Verursacher in Rechnung gestellt. Bei Unfall oder Krankheit, l\u00e4nger als 3 Wochen, wird das Kursgeld nur bei Vorlage eines Arztzeugnisses teilweise r\u00fcckerstattet. Falls eine Lektion ausf\u00e4llt, wird diese kompensiert, zur\u00fcckerstattet oder ans [&hellip;]<\/p>\n","protected":false},"author":2,"featured_media":0,"parent":0,"menu_order":0,"comment_status":"closed","ping_status":"closed","template":"","meta":{"footnotes":""},"class_list":["post-287","page","type-page","status-publish","czr-hentry"],"jetpack_sharing_enabled":true,"_links":{"self":[{"href":"https:\/\/www.allmovements.ch\/index.php\/wp-json\/wp\/v2\/pages\/287","targetHints":{"allow":["GET"]}}],"collection":[{"href":"https:\/\/www.allmovements.ch\/index.php\/wp-json\/wp\/v2\/pages"}],"about":[{"href":"https:\/\/www.allmovements.ch\/index.php\/wp-json\/wp\/v2\/types\/page"}],"author":[{"embeddable":true,"href":"https:\/\/www.allmovements.ch\/index.php\/wp-json\/wp\/v2\/users\/2"}],"replies":[{"embeddable":true,"href":"https:\/\/www.allmovements.ch\/index.php\/wp-json\/wp\/v2\/comments?post=287"}],"version-history":[{"count":3,"href":"https:\/\/www.allmovements.ch\/index.php\/wp-json\/wp\/v2\/pages\/287\/revisions"}],"predecessor-version":[{"id":359,"href":"https:\/\/www.allmovements.ch\/index.php\/wp-json\/wp\/v2\/pages\/287\/revisions\/359"}],"wp:attachment":[{"href":"https:\/\/www.allmovements.ch\/index.php\/wp-json\/wp\/v2\/media?parent=287"}],"curies":[{"name":"wp","href":"https:\/\/api.w.org\/{rel}","templated":true}]}}